{"id":999,"date":"2022-11-07T22:33:17","date_gmt":"2022-11-07T22:33:17","guid":{"rendered":"https:\/\/ppdu.org\/v22\/?page_id=999"},"modified":"2023-02-02T12:16:59","modified_gmt":"2023-02-02T12:16:59","slug":"sig-des-infrastructures","status":"publish","type":"page","link":"https:\/\/ppdu.org\/v22\/fr_fr\/sig-des-infrastructures\/","title":{"rendered":"Carte des projets"},"content":{"rendered":"\n<p><img loading=\"lazy\" decoding=\"async\" width=\"490\" height=\"229\" class=\"wp-image-1005 alignleft\" src=\"http:\/\/ppdu.org\/v22\/wp-content\/uploads\/2022\/11\/sig-masterplan-300x140.jpg\" alt=\"\" srcset=\"https:\/\/ppdu.org\/v22\/wp-content\/uploads\/2022\/11\/sig-masterplan-300x140.jpg 300w, https:\/\/ppdu.org\/v22\/wp-content\/uploads\/2022\/11\/sig-masterplan-1024x480.jpg 1024w, https:\/\/ppdu.org\/v22\/wp-content\/uploads\/2022\/11\/sig-masterplan-768x360.jpg 768w, https:\/\/ppdu.org\/v22\/wp-content\/uploads\/2022\/11\/sig-masterplan-1536x719.jpg 1536w, https:\/\/ppdu.org\/v22\/wp-content\/uploads\/2022\/11\/sig-masterplan.jpg 1892w\" sizes=\"(max-width: 490px) 100vw, 490px\" \/><\/p>\n\n\n\n<p><\/p>\n\n\n\n<p><\/p>\n\n\n\n<p><\/p>\n\n\n\n<p><\/p>\n\n\n\n<p>Le syst\u00e8me repr\u00e9sente les projets d\u2019infrastructures (routes, usines de production d\u2019\u00e9nergie, lignes \u00e9lectriques, etc.) sur une carte interactive SIG (syst\u00e8me d\u2019informations g\u00e9ographiques) ins\u00e9r\u00e9e sur une page web h\u00e9berg\u00e9e sur le site internet de la PPDU.<\/p>\n\n\n\n<p>Ces projets d\u2019infrastructures sont repr\u00e9sent\u00e9s par des lignes, des points ou des zones o\u00f9 les projets sont localis\u00e9s. Il existe \u00e9galement quelques projets \u00ab soft \u00bb qui ne peuvent \u00eatre localis\u00e9s (tels que des projets sur le d\u00e9veloppement institutionnel, le cadre r\u00e9glementaire ou la capacit\u00e9 de financement, par exemple), pour lesquels une repr\u00e9sentation diff\u00e9rente a \u00e9t\u00e9 trouv\u00e9e sur la carte (partie droite de l\u2019\u00e9cran).<\/p>\n\n\n\n<p><br>La repr\u00e9sentation graphique est de qualit\u00e9 et de r\u00e9solution sup\u00e9rieure. Cette carte est destin\u00e9e \u00e0 repr\u00e9senter le Sch\u00e9ma Directeur et \u00e0 le pr\u00e9senter aux visiteurs du site internet. L\u2019utilisateur peut se servir d\u2019un filtre sur l\u2019\u00e9cran de gauche (liste d\u00e9roulante, boutons et menus de s\u00e9lection) pour n\u2019afficher qu\u2019un sous-ensemble de projets sur la carte, d\u00e9fini selon les principaux crit\u00e8res du projet (secteur, montant du projet, calendrier, etc.).<\/p>\n\n\n\n<p>Pour d\u00e9couvrir le Syst\u00e8me d\u2019informations g\u00e9ographiques des Infrastructures de la CEDEAO, veuillez cliquer sur le lien suivant: <a href=\"https:\/\/map.ppdu.org\/fr\/\">https:\/\/map.ppdu.org\/fr\/<\/a><\/p>\n","protected":false},"excerpt":{"rendered":"<p>Le syst\u00e8me repr\u00e9sente les projets d\u2019infrastructures (routes, usines de production d\u2019\u00e9nergie, lignes \u00e9lectriques, etc.) sur une carte interactive SIG (syst\u00e8me d\u2019informations g\u00e9ographiques) ins\u00e9r\u00e9e sur une page web h\u00e9berg\u00e9e sur le [&hellip;]<\/p>\n","protected":false},"author":1,"featured_media":0,"parent":0,"menu_order":0,"comment_status":"closed","ping_status":"closed","template":"","meta":{"om_disable_all_campaigns":false,"_monsterinsights_skip_tracking":false,"_monsterinsights_sitenote_active":false,"_monsterinsights_sitenote_note":"","_monsterinsights_sitenote_category":0,"footnotes":""},"class_list":["post-999","page","type-page","status-publish","hentry"],"aioseo_notices":[],"_links":{"self":[{"href":"https:\/\/ppdu.org\/v22\/fr_fr\/wp-json\/wp\/v2\/pages\/999"}],"collection":[{"href":"https:\/\/ppdu.org\/v22\/fr_fr\/wp-json\/wp\/v2\/pages"}],"about":[{"href":"https:\/\/ppdu.org\/v22\/fr_fr\/wp-json\/wp\/v2\/types\/page"}],"author":[{"embeddable":true,"href":"https:\/\/ppdu.org\/v22\/fr_fr\/wp-json\/wp\/v2\/users\/1"}],"replies":[{"embeddable":true,"href":"https:\/\/ppdu.org\/v22\/fr_fr\/wp-json\/wp\/v2\/comments?post=999"}],"version-history":[{"count":8,"href":"https:\/\/ppdu.org\/v22\/fr_fr\/wp-json\/wp\/v2\/pages\/999\/revisions"}],"predecessor-version":[{"id":1146,"href":"https:\/\/ppdu.org\/v22\/fr_fr\/wp-json\/wp\/v2\/pages\/999\/revisions\/1146"}],"wp:attachment":[{"href":"https:\/\/ppdu.org\/v22\/fr_fr\/wp-json\/wp\/v2\/media?parent=999"}],"curies":[{"name":"wp","href":"https:\/\/api.w.org\/{rel}","templated":true}]}}