{"id":911,"date":"2022-08-04T12:54:44","date_gmt":"2022-08-04T12:54:44","guid":{"rendered":"https:\/\/ppdu.org\/v22\/?page_id=911"},"modified":"2023-02-02T12:22:07","modified_gmt":"2023-02-02T12:22:07","slug":"le-mot-du-directeur","status":"publish","type":"page","link":"https:\/\/ppdu.org\/v22\/fr_fr\/le-mot-du-directeur\/","title":{"rendered":"Le Mot du Directeur"},"content":{"rendered":"<div class=\"wpb-content-wrapper\"><div class=\"vc_row wpb_row vc_row-fluid\"><div class=\"wpb_column vc_column_container vc_col-sm-12\"><div class=\"vc_column-inner\"><div class=\"wpb_wrapper\">\n\t<div class=\"wpb_text_column wpb_content_element\" >\n\t\t<div class=\"wpb_wrapper\">\n\t\t\t<p><img loading=\"lazy\" decoding=\"async\" class=\"size-medium wp-image-867 alignleft\" src=\"http:\/\/ppdu.org\/v22\/wp-content\/uploads\/2022\/07\/CAPOCHICHI2-238x300.jpg\" alt=\"\" width=\"238\" height=\"300\" srcset=\"https:\/\/ppdu.org\/v22\/wp-content\/uploads\/2022\/07\/CAPOCHICHI2-238x300.jpg 238w, https:\/\/ppdu.org\/v22\/wp-content\/uploads\/2022\/07\/CAPOCHICHI2.jpg 445w\" sizes=\"(max-width: 238px) 100vw, 238px\" \/><\/p>\n<div id=\"eluid284d8163\" class=\"eluid284d8163 col-md-8 col-sm-8 znColumnElement\">\n<div class=\"znColumnElement-innerWrapper-eluid284d8163 znColumnElement-innerWrapper znColumnElement-innerWrapper--valign-top znColumnElement-innerWrapper--halign-left \">\n<div class=\"znColumnElement-innerContent\">\n<div class=\"zn_text_box eluidabc91183 zn_text_box-light element-scheme--light\">\n<div>\n<div>\n<p><strong>Chers visiteurs,<\/strong><\/p>\n<p>Nous sommes tr\u00e8s heureux de vous accueillir sur le site Internet du PPDU, que nous souhaitons qu\u2019il soit votre site, un site r\u00e9actif, le site des populations de notre sous-r\u00e9gion ouest africaine, le site des b\u00e2tisseurs, le site des travailleurs des secteurs du transport, de l\u2019\u00e9nergie, des t\u00e9l\u00e9communications, de l\u2019eau.<\/p>\n<p>Nous voudrions vivement que le site soit celui du secteur priv\u00e9 en g\u00e9n\u00e9ral et celui du secteur priv\u00e9 de notre r\u00e9gion en particulier pour le d\u00e9veloppement du partenariat public priv\u00e9.\u00a0 Nous voulons et souhaitons que les partenaires financiers et technique s\u2019approprie de ce site pour prendre connaissance du sch\u00e9ma directeur de notre sous-r\u00e9gion adopt\u00e9 par les chefs d\u2019Etat et de gouvernement en d\u00e9cembre 2021.<\/p>\n<p>En somme, en dehors de s\u2019informer sur ce que nous faisons, sur les \u00e9tudes de projet faites, les \u00e9tudes de projets en cours, les projets importants pour la sous-r\u00e9gion en mati\u00e8re de transport, d\u2019\u00e9nergie, de t\u00e9l\u00e9communication et d\u2019eau, le site disposant d&rsquo;une mise en page r\u00e9active vous permettra une navigation simple et fonctionnelle.<\/p>\n<p>Gardez toujours le contact avec nous : en naviguant r\u00e9guli\u00e8rement sur notre site, votre site et d\u00e9couvrez notre unit\u00e9, votre unit\u00e9 en vue d\u2019impacter la vie de nos populations et de promouvoir l\u2019int\u00e9gration r\u00e9gionale.<\/p>\n<p>Nous vous souhaitons une agr\u00e9able navigation !<\/p>\n<p>&nbsp;<\/p>\n<p><strong>L&rsquo;Unit\u00e9 de Pr\u00e9paration et de D\u00e9veloppement des Projets de la CEDEAO<\/strong><\/p>\n<p><strong>L\u2019Unit\u00e9 de Pr\u00e9paration et de D\u00e9veloppement des Projets d\u2019Infrastructure de la CEDEAO (PPDU) <\/strong>a \u00e9t\u00e9 cr\u00e9\u00e9 par R\u00e8glement C\/REG.5\/08\/11 d\u2019ao\u00fbt 2011. Elle <strong>s\u2019est install\u00e9e d\u00e9finitivement \u00e0 Lom\u00e9 au Togo en octobre 2014<\/strong> \u00e0 la suite d\u2019un Accord de Si\u00e8ge sign\u00e9 le 10 septembre 2010 entre la Commission de la CEDEAO et les Autorit\u00e9s togolaises<strong>. \u00a0<\/strong><\/p>\n<p>Le PPDU est une Agence sp\u00e9cialis\u00e9e de la CEDEAO en charge de la pr\u00e9paration et du d\u00e9veloppement des projets d\u2019infrastructures r\u00e9gionales (transport, \u00e9nergie, eau et technologies de l\u2019information et de la communication). Il a pour mission entre autres, de rendre les projets r\u00e9gionaux d\u2019infrastructures bancables par l\u2019\u00e9laboration d\u2019\u00e9tudes de faisabilit\u00e9 (\u00e9conomique, financi\u00e8re, sociale, environnementale, etc.), de mobiliser des ressources pour le financement des projets, de renforcer les capacit\u00e9s de structures nationales homologues, de promouvoir le partenariat public priv\u00e9s, etc.<\/p>\n<p>Les programmes et projets prioritaires sur lesquels le PPDU accentue ses efforts sont du sch\u00e9ma directeur des infrastructures r\u00e9gionales qui va orienter le d\u00e9veloppement des projets de transport, d\u2019\u00e9nergie, de tic et des ressources en eau au b\u00e9n\u00e9fice des populations et ce dans le cadre de la mise en \u0153uvre de la Vision de la CEDEAO\u00a0: celle de passer d\u2019une CEDEAO des Etats \u00e0 une \u00ab\u00a0CEDEAO des Peuples\u00a0: Paix et prosp\u00e9rit\u00e9 pour tous\u00a0\u00bb \u00e0 l\u2019horizon 2050.<\/p>\n<p>Le PPDU travaille sous la responsabilit\u00e9 du Commissaire charg\u00e9 des Infrastructures et a pour<strong> principal objectif d\u2019am\u00e9liorer l\u2019effectivit\u00e9 et l\u2019efficacit\u00e9 de la mise en \u0153uvre des projets d\u2019infrastructures de la CEDEAO en vue de favoriser la croissance \u00e9conomique et l\u2019int\u00e9gration en Afrique de l\u2019Ouest.<\/strong><\/p>\n<p>&nbsp;<\/p>\n<p>Dr. CAPO-CHICHI Eug\u00e8ne<\/p>\n<p>Directeur du PPDU<\/p>\n<p>&nbsp;<\/p>\n<p><em>Dr CAPO-CHICHI Eug\u00e8ne est Ing\u00e9nieur dipl\u00f4m\u00e9 de l\u2019Ecole des Mines d\u2019Al\u00e8s (France) et Docteur en g\u00e9nie civil de l\u2019Universit\u00e9 de Montpellier II (France). A la suite d\u2019une carri\u00e8re riche dans le secteur des travaux publics, des transports, de l\u2019\u00e9nergie, des mines et de l\u2019hydraulique, au B\u00e9nin o\u00f9 il a servi dans la haute fonction publique, il a rejoint la CEDEAO en 2009 en tant que charg\u00e9 de la gestion du domaine et des transports au Parlement de la Communaut\u00e9. Il a poursuivi sa carri\u00e8re au sein du D\u00e9partement des Infrastructures de la Commission de la CEDEAO o\u00f9 il occupa successivement les postes de Charg\u00e9 de Programme Infrastructures, puis Charg\u00e9 Principal de Programme par int\u00e9rim du transport a\u00e9rien avant d\u2019\u00eatre nomm\u00e9 suite \u00e0 un processus de recrutement directeur de PPDU.<\/em><\/p>\n<\/div>\n<\/div>\n<\/div>\n<\/div>\n<\/div>\n<\/div>\n\n\t\t<\/div>\n\t<\/div>\n<\/div><\/div><\/div><\/div>\n<\/div>","protected":false},"excerpt":{"rendered":"Chers visiteurs, Nous sommes tr\u00e8s heureux de vous accueillir sur le site Internet du PPDU, que nous souhaitons qu\u2019il soit votre site, un site r\u00e9actif, le site des populations de [...]","protected":false},"author":1,"featured_media":0,"parent":0,"menu_order":0,"comment_status":"closed","ping_status":"closed","template":"","meta":{"om_disable_all_campaigns":false,"_monsterinsights_skip_tracking":false,"_monsterinsights_sitenote_active":false,"_monsterinsights_sitenote_note":"","_monsterinsights_sitenote_category":0,"footnotes":""},"class_list":["post-911","page","type-page","status-publish","hentry"],"aioseo_notices":[],"_links":{"self":[{"href":"https:\/\/ppdu.org\/v22\/fr_fr\/wp-json\/wp\/v2\/pages\/911"}],"collection":[{"href":"https:\/\/ppdu.org\/v22\/fr_fr\/wp-json\/wp\/v2\/pages"}],"about":[{"href":"https:\/\/ppdu.org\/v22\/fr_fr\/wp-json\/wp\/v2\/types\/page"}],"author":[{"embeddable":true,"href":"https:\/\/ppdu.org\/v22\/fr_fr\/wp-json\/wp\/v2\/users\/1"}],"replies":[{"embeddable":true,"href":"https:\/\/ppdu.org\/v22\/fr_fr\/wp-json\/wp\/v2\/comments?post=911"}],"version-history":[{"count":12,"href":"https:\/\/ppdu.org\/v22\/fr_fr\/wp-json\/wp\/v2\/pages\/911\/revisions"}],"predecessor-version":[{"id":1147,"href":"https:\/\/ppdu.org\/v22\/fr_fr\/wp-json\/wp\/v2\/pages\/911\/revisions\/1147"}],"wp:attachment":[{"href":"https:\/\/ppdu.org\/v22\/fr_fr\/wp-json\/wp\/v2\/media?parent=911"}],"curies":[{"name":"wp","href":"https:\/\/api.w.org\/{rel}","templated":true}]}}