{"id":576,"date":"2022-02-03T12:46:02","date_gmt":"2022-02-03T12:46:02","guid":{"rendered":"https:\/\/ppdu.org\/v22\/?page_id=576"},"modified":"2022-08-04T10:57:22","modified_gmt":"2022-08-04T10:57:22","slug":"a-propos","status":"publish","type":"page","link":"https:\/\/ppdu.org\/v22\/fr_fr\/a-propos\/","title":{"rendered":"A propos"},"content":{"rendered":"\r\n<p class=\"has-text-align-left\">L&rsquo;Unit\u00e9 de Pr\u00e9paration et de D\u00e9veloppement de Projets de la CEDEAO (PPDU) a \u00e9t\u00e9 cr\u00e9\u00e9e par le R\u00e8glement C \/ REG.5 \/ 08\/11 adopt\u00e9 en ao\u00fbt 2011 en tant qu&rsquo;agence sp\u00e9cialis\u00e9e charg\u00e9e de pr\u00e9parer et de d\u00e9velopper des projets r\u00e9gionaux d&rsquo;infrastructures bancables conform\u00e9ment aux objectifs d&rsquo;int\u00e9gration r\u00e9gionale et de d\u00e9veloppement \u00e9conomique de la CEDEAO.<\/p>\r\n","protected":false},"excerpt":{"rendered":"<p>L&rsquo;Unit\u00e9 de Pr\u00e9paration et de D\u00e9veloppement de Projets de la CEDEAO (PPDU) a \u00e9t\u00e9 cr\u00e9\u00e9e par le R\u00e8glement C \/ REG.5 \/ 08\/11 adopt\u00e9 en ao\u00fbt 2011 en tant qu&rsquo;agence [&hellip;]<\/p>\n","protected":false},"author":1,"featured_media":0,"parent":0,"menu_order":0,"comment_status":"closed","ping_status":"closed","template":"","meta":{"om_disable_all_campaigns":false,"_monsterinsights_skip_tracking":false,"_monsterinsights_sitenote_active":false,"_monsterinsights_sitenote_note":"","_monsterinsights_sitenote_category":0,"footnotes":""},"class_list":["post-576","page","type-page","status-publish","hentry"],"aioseo_notices":[],"_links":{"self":[{"href":"https:\/\/ppdu.org\/v22\/fr_fr\/wp-json\/wp\/v2\/pages\/576"}],"collection":[{"href":"https:\/\/ppdu.org\/v22\/fr_fr\/wp-json\/wp\/v2\/pages"}],"about":[{"href":"https:\/\/ppdu.org\/v22\/fr_fr\/wp-json\/wp\/v2\/types\/page"}],"author":[{"embeddable":true,"href":"https:\/\/ppdu.org\/v22\/fr_fr\/wp-json\/wp\/v2\/users\/1"}],"replies":[{"embeddable":true,"href":"https:\/\/ppdu.org\/v22\/fr_fr\/wp-json\/wp\/v2\/comments?post=576"}],"version-history":[{"count":5,"href":"https:\/\/ppdu.org\/v22\/fr_fr\/wp-json\/wp\/v2\/pages\/576\/revisions"}],"predecessor-version":[{"id":899,"href":"https:\/\/ppdu.org\/v22\/fr_fr\/wp-json\/wp\/v2\/pages\/576\/revisions\/899"}],"wp:attachment":[{"href":"https:\/\/ppdu.org\/v22\/fr_fr\/wp-json\/wp\/v2\/media?parent=576"}],"curies":[{"name":"wp","href":"https:\/\/api.w.org\/{rel}","templated":true}]}}