{"id":554,"date":"2022-02-03T12:29:43","date_gmt":"2022-02-03T12:29:43","guid":{"rendered":"https:\/\/ppdu.org\/v22\/?page_id=554"},"modified":"2023-02-02T12:11:15","modified_gmt":"2023-02-02T12:11:15","slug":"le-comite-de-pilotage","status":"publish","type":"page","link":"https:\/\/ppdu.org\/v22\/fr_fr\/le-comite-de-pilotage\/","title":{"rendered":"Le Comit\u00e9 de Pilotage"},"content":{"rendered":"\n<p>Le Comit\u00e9 de Pilotage est l\u2019organe d\u2019orientation strat\u00e9gique et de d\u00e9cisions du PPDU.<\/p>\n\n\n\n<p><strong>Il <\/strong>est compos\u00e9 de neuf (09) membres repr\u00e9sentant les parties prenantes du PPDU. Sa&nbsp; composition est la suivante&nbsp;:<\/p>\n\n\n\n<ul class=\"wp-block-list\"><li>deux (02) Repr\u00e9sentants de la Commission de la CEDEAO&nbsp;;<\/li><li>un (01) Repr\u00e9sentant de la Banque d\u2019Investissement et de D\u00e9veloppement de la CEDEAO (BIDC)&nbsp;;<\/li><li>deux (02) membres repr\u00e9sentant les Etats membres de la CEDEAO&nbsp;;<\/li><li>trois (03) membres repr\u00e9sentant les Partenaires Techniques et Financiers&nbsp;;<\/li><li>un (01) membre repr\u00e9sentant le Secteur Priv\u00e9&nbsp;.<\/li><\/ul>\n\n\n\n<p>La Pr\u00e9sidence du Comit\u00e9 de Pilotage est assur\u00e9e par l\u2019un des Repr\u00e9sentants de la Commission de la CEDEAO. Le&nbsp;Vice-pr\u00e9sident est \u00e9lu par ses pairs.<\/p>\n\n\n\n<p>Les membres du Comit\u00e9 de Pilotage sont des personnes reconnues pour leurs comp\u00e9tences techniques et manag\u00e9riales. Le Directeur du PPDU assiste aux sessions&nbsp; du Comit\u00e9 de Pilotage sans voix d\u00e9lib\u00e9rative.<\/p>\n","protected":false},"excerpt":{"rendered":"<p>Le Comit\u00e9 de Pilotage est l\u2019organe d\u2019orientation strat\u00e9gique et de d\u00e9cisions du PPDU. Il est compos\u00e9 de neuf (09) membres repr\u00e9sentant les parties prenantes du PPDU. Sa&nbsp; composition est la [&hellip;]<\/p>\n","protected":false},"author":1,"featured_media":0,"parent":0,"menu_order":0,"comment_status":"closed","ping_status":"closed","template":"","meta":{"om_disable_all_campaigns":false,"_monsterinsights_skip_tracking":false,"_monsterinsights_sitenote_active":false,"_monsterinsights_sitenote_note":"","_monsterinsights_sitenote_category":0,"footnotes":""},"class_list":["post-554","page","type-page","status-publish","hentry"],"aioseo_notices":[],"_links":{"self":[{"href":"https:\/\/ppdu.org\/v22\/fr_fr\/wp-json\/wp\/v2\/pages\/554"}],"collection":[{"href":"https:\/\/ppdu.org\/v22\/fr_fr\/wp-json\/wp\/v2\/pages"}],"about":[{"href":"https:\/\/ppdu.org\/v22\/fr_fr\/wp-json\/wp\/v2\/types\/page"}],"author":[{"embeddable":true,"href":"https:\/\/ppdu.org\/v22\/fr_fr\/wp-json\/wp\/v2\/users\/1"}],"replies":[{"embeddable":true,"href":"https:\/\/ppdu.org\/v22\/fr_fr\/wp-json\/wp\/v2\/comments?post=554"}],"version-history":[{"count":4,"href":"https:\/\/ppdu.org\/v22\/fr_fr\/wp-json\/wp\/v2\/pages\/554\/revisions"}],"predecessor-version":[{"id":1144,"href":"https:\/\/ppdu.org\/v22\/fr_fr\/wp-json\/wp\/v2\/pages\/554\/revisions\/1144"}],"wp:attachment":[{"href":"https:\/\/ppdu.org\/v22\/fr_fr\/wp-json\/wp\/v2\/media?parent=554"}],"curies":[{"name":"wp","href":"https:\/\/api.w.org\/{rel}","templated":true}]}}