{"id":552,"date":"2022-02-03T12:29:18","date_gmt":"2022-02-03T12:29:18","guid":{"rendered":"https:\/\/ppdu.org\/v22\/?page_id=552"},"modified":"2023-02-02T12:09:52","modified_gmt":"2023-02-02T12:09:52","slug":"organes-du-ppdu","status":"publish","type":"page","link":"https:\/\/ppdu.org\/v22\/fr_fr\/organes-du-ppdu\/","title":{"rendered":"Organes du PPDU"},"content":{"rendered":"\n<p>Les organes du PPDU sont&nbsp;:<\/p>\n\n\n\n<ul class=\"wp-block-list\"><li>le Comit\u00e9 de Pilotage&nbsp;;<\/li><li>la Direction du PPDU.<\/li><\/ul>\n\n\n\n<p><strong>Le Comit\u00e9 de pilotage a pour attributions de&nbsp;:<\/strong><\/p>\n\n\n\n<ol class=\"wp-block-list\" type=\"1\"><li>proposer p\u00e9riodiquement pour adoption par les instances statutaires de la CEDEAO, la mission globale et la politique de gestion du PPDU&nbsp;;<\/li><li>approuver la strat\u00e9gie op\u00e9rationnelle du PPDU ainsi que sa mise \u00e0 jour ;<\/li><li>nommer les commissaires aux comptes, faire la revue et approuver les bilans comptables annuels ;<\/li><li>approuver le plan de travail annuel et le budget d\u2019exploitation soumis par la Direction du PPDU&nbsp;;<\/li><li>approuver l\u2019organigramme fonctionnel du PPDU&nbsp;;<\/li><li>nommer le Directeur, \u00e9valuer ses performances et mettre fin \u00e0 ses fonctions&nbsp;si besoin est ;<\/li><li>approuver la proposition de nomination des Cadres Sup\u00e9rieurs de Direction ;<\/li><li>autoriser les demandes pour le Fonds Consultatif (FC) et le Fonds pour les Promoteurs Priv\u00e9s d\u2019Infrastructures (FPPI)&nbsp;;<\/li><li>approuver les soumissions de la Direction du PPDU pour la distribution\/r\u00e9partition des Fonds FC et FPPI&nbsp;;<\/li><li>approuver les engagements et les d\u00e9penses du Fonds Consultatif (FC) et du Fonds des Promoteurs Priv\u00e9s des Infrastructures (FPPI)&nbsp;;<\/li><li>approuver le plan de la gestion du risque, l\u2019audit financier et les proc\u00e9dures de contr\u00f4le du PPDU&nbsp;;<\/li><li>approuver le r\u00e8glement int\u00e9rieur et les manuels de proc\u00e9dures comptables, financi\u00e8res, administratives et de gestion des ressources humaines&nbsp;;<\/li><li>suivre la performance du PPDU conform\u00e9ment \u00e0 ses missions ;<\/li><li>Effectuer de temps en temps la revue de performance du PPDU et faire des recommandations aux Autorit\u00e9s Statutaires de la CEDEAO. La p\u00e9riodicit\u00e9 de la revue doit \u00eatre sp\u00e9cifi\u00e9e dans le manuel de proc\u00e9dures.<\/li><\/ol>\n\n\n\n<p><strong>Le Directeur a pour mission de&nbsp;:<\/strong><\/p>\n\n\n\n<ol class=\"wp-block-list\" type=\"1\"><li>agir en tant que repr\u00e9sentant principal du PPDU en communiquant avec toutes les principales parties prenantes&nbsp;;<\/li><li>mettre en \u0153uvre les d\u00e9cisions du Comit\u00e9 de Pilotage ;<\/li><li>repr\u00e9senter le PPDU dans tous les actes&nbsp;civils et agir comme son repr\u00e9sentant l\u00e9gal ;<\/li><li>initier et conduire le recrutement du personnel conform\u00e9ment \u00e0 l\u2019organigramme et aux proc\u00e9dures en la mati\u00e8re et adopt\u00e9s par le Comit\u00e9 de Pilotage&nbsp;;<\/li><li>organiser et coordonner l\u2019ensemble des activit\u00e9s du PPDU&nbsp;;<\/li><li>g\u00e9rer le patrimoine de l\u2019Unit\u00e9&nbsp;;<\/li><li>signer des contrats dans la limite accept\u00e9e par le Comit\u00e9 de Pilotage&nbsp;;<\/li><li>ordonner les d\u00e9penses dans la limite fix\u00e9e par le Comit\u00e9 de Pilotage&nbsp;;<\/li><li>recruter des experts et consultants pour des prestations li\u00e9es au bon fonctionnement de l\u2019Unit\u00e9 en fonction des plans de charges du personnel affect\u00e9&nbsp;;<\/li><li>diriger et encadrer le personnel du PPDU dans le cadre de ses op\u00e9rations quotidiennes, et rendre compte au Comit\u00e9 de Pilotage ;<\/li><li>assurer une bonne image de l\u2019Unit\u00e9 par la qualit\u00e9 des projets pr\u00e9sent\u00e9s&nbsp;;<\/li><li>ex\u00e9cuter toute autre mission \u00e0 lui assign\u00e9e par le Comit\u00e9 de Pilotage.<\/li><\/ol>\n","protected":false},"excerpt":{"rendered":"<p>Les organes du PPDU sont&nbsp;: le Comit\u00e9 de Pilotage&nbsp;; la Direction du PPDU. Le Comit\u00e9 de pilotage a pour attributions de&nbsp;: proposer p\u00e9riodiquement pour adoption par les instances statutaires de [&hellip;]<\/p>\n","protected":false},"author":1,"featured_media":0,"parent":0,"menu_order":0,"comment_status":"closed","ping_status":"closed","template":"","meta":{"om_disable_all_campaigns":false,"_monsterinsights_skip_tracking":false,"_monsterinsights_sitenote_active":false,"_monsterinsights_sitenote_note":"","_monsterinsights_sitenote_category":0,"footnotes":""},"class_list":["post-552","page","type-page","status-publish","hentry"],"aioseo_notices":[],"_links":{"self":[{"href":"https:\/\/ppdu.org\/v22\/fr_fr\/wp-json\/wp\/v2\/pages\/552"}],"collection":[{"href":"https:\/\/ppdu.org\/v22\/fr_fr\/wp-json\/wp\/v2\/pages"}],"about":[{"href":"https:\/\/ppdu.org\/v22\/fr_fr\/wp-json\/wp\/v2\/types\/page"}],"author":[{"embeddable":true,"href":"https:\/\/ppdu.org\/v22\/fr_fr\/wp-json\/wp\/v2\/users\/1"}],"replies":[{"embeddable":true,"href":"https:\/\/ppdu.org\/v22\/fr_fr\/wp-json\/wp\/v2\/comments?post=552"}],"version-history":[{"count":4,"href":"https:\/\/ppdu.org\/v22\/fr_fr\/wp-json\/wp\/v2\/pages\/552\/revisions"}],"predecessor-version":[{"id":1143,"href":"https:\/\/ppdu.org\/v22\/fr_fr\/wp-json\/wp\/v2\/pages\/552\/revisions\/1143"}],"wp:attachment":[{"href":"https:\/\/ppdu.org\/v22\/fr_fr\/wp-json\/wp\/v2\/media?parent=552"}],"curies":[{"name":"wp","href":"https:\/\/api.w.org\/{rel}","templated":true}]}}