{"id":549,"date":"2022-02-03T12:28:41","date_gmt":"2022-02-03T12:28:41","guid":{"rendered":"https:\/\/ppdu.org\/v22\/?page_id=549"},"modified":"2023-02-02T12:06:10","modified_gmt":"2023-02-02T12:06:10","slug":"le-ppdu-en-bref","status":"publish","type":"page","link":"https:\/\/ppdu.org\/v22\/fr_fr\/le-ppdu-en-bref\/","title":{"rendered":"Attributions"},"content":{"rendered":"\n<p><strong>Le PPDU a pour mission&nbsp;:<\/strong><\/p>\n\n\n\n<ul class=\"wp-block-list\"><li>&nbsp;la pr\u00e9paration et le d\u00e9veloppement des projets d\u2019infrastructures d\u2019int\u00e9gration r\u00e9gionale au sein des Etats membres de la CEDEAO&nbsp;;<\/li><\/ul>\n\n\n\n<ul class=\"wp-block-list\"><li>la mobilisation des ressources n\u00e9cessaires pour la pr\u00e9paration et le d\u00e9veloppement des projets d\u2019infrastructures&nbsp;;<\/li><\/ul>\n\n\n\n<ul class=\"wp-block-list\"><li>la promotion des partenariats public-priv\u00e9 dans le financement des investissements et de gestion des projets dans l\u2019espace CEDEAO&nbsp;;<\/li><\/ul>\n\n\n\n<ul class=\"wp-block-list\"><li>le renforcement de capacit\u00e9 des structures nationales homologues.<\/li><\/ul>\n","protected":false},"excerpt":{"rendered":"<p>Le PPDU a pour mission&nbsp;: &nbsp;la pr\u00e9paration et le d\u00e9veloppement des projets d\u2019infrastructures d\u2019int\u00e9gration r\u00e9gionale au sein des Etats membres de la CEDEAO&nbsp;; la mobilisation des ressources n\u00e9cessaires pour la [&hellip;]<\/p>\n","protected":false},"author":1,"featured_media":0,"parent":0,"menu_order":0,"comment_status":"closed","ping_status":"closed","template":"","meta":{"om_disable_all_campaigns":false,"_monsterinsights_skip_tracking":false,"_monsterinsights_sitenote_active":false,"_monsterinsights_sitenote_note":"","_monsterinsights_sitenote_category":0,"footnotes":""},"class_list":["post-549","page","type-page","status-publish","hentry"],"aioseo_notices":[],"_links":{"self":[{"href":"https:\/\/ppdu.org\/v22\/fr_fr\/wp-json\/wp\/v2\/pages\/549"}],"collection":[{"href":"https:\/\/ppdu.org\/v22\/fr_fr\/wp-json\/wp\/v2\/pages"}],"about":[{"href":"https:\/\/ppdu.org\/v22\/fr_fr\/wp-json\/wp\/v2\/types\/page"}],"author":[{"embeddable":true,"href":"https:\/\/ppdu.org\/v22\/fr_fr\/wp-json\/wp\/v2\/users\/1"}],"replies":[{"embeddable":true,"href":"https:\/\/ppdu.org\/v22\/fr_fr\/wp-json\/wp\/v2\/comments?post=549"}],"version-history":[{"count":9,"href":"https:\/\/ppdu.org\/v22\/fr_fr\/wp-json\/wp\/v2\/pages\/549\/revisions"}],"predecessor-version":[{"id":1141,"href":"https:\/\/ppdu.org\/v22\/fr_fr\/wp-json\/wp\/v2\/pages\/549\/revisions\/1141"}],"wp:attachment":[{"href":"https:\/\/ppdu.org\/v22\/fr_fr\/wp-json\/wp\/v2\/media?parent=549"}],"curies":[{"name":"wp","href":"https:\/\/api.w.org\/{rel}","templated":true}]}}