{"id":999,"date":"2022-11-07T22:33:17","date_gmt":"2022-11-07T22:33:17","guid":{"rendered":"https:\/\/ppdu.org\/v22\/?page_id=999"},"modified":"2023-02-02T12:16:59","modified_gmt":"2023-02-02T12:16:59","slug":"sig-des-infrastructures","status":"publish","type":"page","link":"https:\/\/ppdu.org\/v22\/en\/sig-des-infrastructures\/","title":{"rendered":"Project Map"},"content":{"rendered":"<p><img loading=\"lazy\" decoding=\"async\" width=\"490\" height=\"229\" class=\"wp-image-1005 alignleft\" src=\"http:\/\/ppdu.org\/v22\/wp-content\/uploads\/2022\/11\/sig-masterplan-300x140.jpg\" alt=\"\" srcset=\"https:\/\/ppdu.org\/v22\/wp-content\/uploads\/2022\/11\/sig-masterplan-300x140.jpg 300w, https:\/\/ppdu.org\/v22\/wp-content\/uploads\/2022\/11\/sig-masterplan-1024x480.jpg 1024w, https:\/\/ppdu.org\/v22\/wp-content\/uploads\/2022\/11\/sig-masterplan-768x360.jpg 768w, https:\/\/ppdu.org\/v22\/wp-content\/uploads\/2022\/11\/sig-masterplan-1536x719.jpg 1536w, https:\/\/ppdu.org\/v22\/wp-content\/uploads\/2022\/11\/sig-masterplan.jpg 1892w\" sizes=\"(max-width: 490px) 100vw, 490px\" \/><\/p>\n\n\n\n<p><\/p>\n\n\n\n<p><\/p>\n\n\n\n<p><\/p>\n\n\n\n<p><\/p>\n\n\n\n<p>Le syst\u00e8me repr\u00e9sente les projets d\u2019infrastructures (routes, usines de production d\u2019\u00e9nergie, lignes \u00e9lectriques, etc.) sur une carte interactive SIG (syst\u00e8me d\u2019informations g\u00e9ographiques) ins\u00e9r\u00e9e sur une page web h\u00e9berg\u00e9e sur le site internet de la PPDU.<\/p>\n\n\n\n<p>These infrastructure projects are represented by lines, points or areas where the projects are located. There are also some \"soft\" projects that cannot be located (such as projects on institutional development, regulatory framework or financing capacity, for example), for which a different representation has been found on the map (right side of the screen).<\/p>\n\n\n\n<p><br>\u00a0The graphic representation is of higher quality and resolution. This map is intended to represent the Master Plan and to present it to visitors to the website. The user can use a filter on the left-hand screen (drop-down list, selection buttons and menus) to display only a subset of projects on the map, defined according to the main criteria of the project (sector, project amount, timeframe, etc.).<\/p>\n\n\n\n<p>To discover the ECOWAS Infrastructure Geographical Information System, please click on the following link: <a href=\"https:\/\/map.ppdu.org\/fr\/\">https:\/\/map.ppdu.org\/fr\/<\/a><\/p>","protected":false},"excerpt":{"rendered":"<p>Le syst\u00e8me repr\u00e9sente les projets d\u2019infrastructures (routes, usines de production d\u2019\u00e9nergie, lignes \u00e9lectriques, etc.) sur une carte interactive SIG (syst\u00e8me d\u2019informations g\u00e9ographiques) ins\u00e9r\u00e9e sur une page web h\u00e9berg\u00e9e sur le [&hellip;]<\/p>\n","protected":false},"author":1,"featured_media":0,"parent":0,"menu_order":0,"comment_status":"closed","ping_status":"closed","template":"","meta":{"om_disable_all_campaigns":false,"_monsterinsights_skip_tracking":false,"_monsterinsights_sitenote_active":false,"_monsterinsights_sitenote_note":"","_monsterinsights_sitenote_category":0,"footnotes":""},"class_list":["post-999","page","type-page","status-publish","hentry"],"aioseo_notices":[],"_links":{"self":[{"href":"https:\/\/ppdu.org\/v22\/en\/wp-json\/wp\/v2\/pages\/999"}],"collection":[{"href":"https:\/\/ppdu.org\/v22\/en\/wp-json\/wp\/v2\/pages"}],"about":[{"href":"https:\/\/ppdu.org\/v22\/en\/wp-json\/wp\/v2\/types\/page"}],"author":[{"embeddable":true,"href":"https:\/\/ppdu.org\/v22\/en\/wp-json\/wp\/v2\/users\/1"}],"replies":[{"embeddable":true,"href":"https:\/\/ppdu.org\/v22\/en\/wp-json\/wp\/v2\/comments?post=999"}],"version-history":[{"count":8,"href":"https:\/\/ppdu.org\/v22\/en\/wp-json\/wp\/v2\/pages\/999\/revisions"}],"predecessor-version":[{"id":1146,"href":"https:\/\/ppdu.org\/v22\/en\/wp-json\/wp\/v2\/pages\/999\/revisions\/1146"}],"wp:attachment":[{"href":"https:\/\/ppdu.org\/v22\/en\/wp-json\/wp\/v2\/media?parent=999"}],"curies":[{"name":"wp","href":"https:\/\/api.w.org\/{rel}","templated":true}]}}