{"id":3618,"date":"2025-06-05T18:59:27","date_gmt":"2025-06-05T18:59:27","guid":{"rendered":"https:\/\/ppdu.org\/ecowasppdu\/?page_id=3618"},"modified":"2025-06-28T23:54:31","modified_gmt":"2025-06-28T23:54:31","slug":"resultats","status":"publish","type":"page","link":"https:\/\/ppdu.org\/ecowasppdu\/resultats\/","title":{"rendered":"R\u00e9sultats"},"content":{"rendered":"\t\t<div data-elementor-type=\"wp-page\" data-elementor-id=\"3618\" class=\"elementor elementor-3618\">\n\t\t\t\t\t\t<section data-ekitparallax=\"{&quot;ekit_section_parallax_bg&quot;:&quot;yes&quot;,&quot;ekit_section_parallax_bg_speed&quot;:&quot;0.7&quot;,&quot;elementor_lazy_load&quot;:&quot;1&quot;}\" class=\"elementor-section elementor-top-section elementor-element elementor-element-54d7800 elementor-section-boxed elementor-section-height-default elementor-section-height-default\" data-id=\"54d7800\" data-element_type=\"section\" data-e-type=\"section\" data-settings=\"{&quot;background_background&quot;:&quot;classic&quot;,&quot;ekit_has_onepagescroll_dot&quot;:&quot;yes&quot;}\">\n\t\t\t\t\t\t\t<div class=\"elementor-background-overlay\"><\/div>\n\t\t\t\t\t\t\t<div class=\"elementor-container elementor-column-gap-default\">\n\t\t\t\t\t<div class=\"elementor-column elementor-col-100 elementor-top-column elementor-element elementor-element-6416bf6\" data-id=\"6416bf6\" data-element_type=\"column\" data-e-type=\"column\">\n\t\t\t<div class=\"elementor-widget-wrap elementor-element-populated\">\n\t\t\t\t\t\t<div class=\"elementor-element elementor-element-a7cf1d2 elementor-widget elementor-widget-elementskit-heading\" data-id=\"a7cf1d2\" data-element_type=\"widget\" data-e-type=\"widget\" data-settings=\"{&quot;ekit_we_effect_on&quot;:&quot;none&quot;}\" data-widget_type=\"elementskit-heading.default\">\n\t\t\t\t<div class=\"elementor-widget-container\">\n\t\t\t\t\t<div class=\"ekit-wid-con\" ><div class=\"ekit-heading elementskit-section-title-wraper text_center   ekit_heading_tablet-   ekit_heading_mobile-\"><h2 class=\"ekit-heading--title elementskit-section-title \">R\u00e9sultats<\/h2><\/div><\/div>\t\t\t\t<\/div>\n\t\t\t\t<\/div>\n\t\t\t\t\t<\/div>\n\t\t<\/div>\n\t\t\t\t\t<\/div>\n\t\t<\/section>\n\t\t<div class=\"elementor-element elementor-element-22a7228 e-flex e-con-boxed e-con e-parent\" data-id=\"22a7228\" data-element_type=\"container\" data-e-type=\"container\" data-settings=\"{&quot;ekit_has_onepagescroll_dot&quot;:&quot;yes&quot;}\">\n\t\t\t\t\t<div class=\"e-con-inner\">\n\t\t\t\t<div class=\"elementor-element elementor-element-b89a491 elementor-widget elementor-widget-spacer\" data-id=\"b89a491\" data-element_type=\"widget\" data-e-type=\"widget\" data-settings=\"{&quot;ekit_we_effect_on&quot;:&quot;none&quot;}\" data-widget_type=\"spacer.default\">\n\t\t\t\t<div class=\"elementor-widget-container\">\n\t\t\t\t\t\t\t<div class=\"elementor-spacer\">\n\t\t\t<div class=\"elementor-spacer-inner\"><\/div>\n\t\t<\/div>\n\t\t\t\t\t\t<\/div>\n\t\t\t\t<\/div>\n\t\t\t\t\t<\/div>\n\t\t\t\t<\/div>\n\t\t<div class=\"elementor-element elementor-element-a9c3766 e-flex e-con-boxed e-con e-parent\" data-id=\"a9c3766\" data-element_type=\"container\" data-e-type=\"container\" data-settings=\"{&quot;ekit_has_onepagescroll_dot&quot;:&quot;yes&quot;}\">\n\t\t\t\t\t<div class=\"e-con-inner\">\n\t\t\t\t<div class=\"elementor-element elementor-element-3fc643c elementor-widget elementor-widget-elementskit-simple-tab\" data-id=\"3fc643c\" data-element_type=\"widget\" data-e-type=\"widget\" data-settings=\"{&quot;ekit_we_effect_on&quot;:&quot;none&quot;}\" data-widget_type=\"elementskit-simple-tab.default\">\n\t\t\t\t<div class=\"elementor-widget-container\">\n\t\t\t\t\t<div class=\"ekit-wid-con\" >        <div class=\"elementkit-tab-wraper   elementskit-fitcontent-tab \">\n            <ul class=\"nav nav-tabs elementkit-tab-nav \">\n                                    <li class=\"elementkit-nav-item elementor-repeater-item-2ddae87\">\n                        <a class=\"elementkit-nav-link  active show left-pos\" id=\"content-2ddae8769ee64ae7a465-tab\" data-ekit-handler-id=\"type-du-march-\" data-ekit-toggle=\"tab\" data-target=\"#content-2ddae8769ee64ae7a465\" href=\"#Content-2ddae8769ee64ae7a465\"\n                            data-ekit-toggle-trigger=\"click\"\n                            aria-describedby=\"Content-2ddae8769ee64ae7a465\">\n                            <span class=\"elementskit-tab-icon\"><i class=\"icon icon-earth\"><\/i><\/span>                            <span class=\"elementskit-tab-title\">Type du march\u00e9<\/span>\n                        <\/a>\n                    <\/li>\n                                        <li class=\"elementkit-nav-item elementor-repeater-item-cdcb59d\">\n                        <a class=\"elementkit-nav-link  left-pos\" id=\"content-cdcb59d69ee64ae7a465-tab\" data-ekit-handler-id=\"description\" data-ekit-toggle=\"tab\" data-target=\"#content-cdcb59d69ee64ae7a465\" href=\"#Content-cdcb59d69ee64ae7a465\"\n                            data-ekit-toggle-trigger=\"click\"\n                            aria-describedby=\"Content-cdcb59d69ee64ae7a465\">\n                            <span class=\"elementskit-tab-icon\"><i class=\"icon icon-Document-Search\"><\/i><\/span>                            <span class=\"elementskit-tab-title\">Description<\/span>\n                        <\/a>\n                    <\/li>\n                                        <li class=\"elementkit-nav-item elementor-repeater-item-799b533\">\n                        <a class=\"elementkit-nav-link  left-pos\" id=\"content-799b53369ee64ae7a465-tab\" data-ekit-handler-id=\"informations\" data-ekit-toggle=\"tab\" data-target=\"#content-799b53369ee64ae7a465\" href=\"#Content-799b53369ee64ae7a465\"\n                            data-ekit-toggle-trigger=\"click\"\n                            aria-describedby=\"Content-799b53369ee64ae7a465\">\n                            <span class=\"elementskit-tab-icon\"><svg aria-hidden=\"true\" class=\"e-font-icon-svg e-fas-info\" viewBox=\"0 0 192 512\" xmlns=\"http:\/\/www.w3.org\/2000\/svg\"><path d=\"M20 424.229h20V279.771H20c-11.046 0-20-8.954-20-20V212c0-11.046 8.954-20 20-20h112c11.046 0 20 8.954 20 20v212.229h20c11.046 0 20 8.954 20 20V492c0 11.046-8.954 20-20 20H20c-11.046 0-20-8.954-20-20v-47.771c0-11.046 8.954-20 20-20zM96 0C56.235 0 24 32.235 24 72s32.235 72 72 72 72-32.235 72-72S135.764 0 96 0z\"><\/path><\/svg><\/span>                            <span class=\"elementskit-tab-title\">Informations<\/span>\n                        <\/a>\n                    <\/li>\n                                        <li class=\"elementkit-nav-item elementor-repeater-item-01ec2b4\">\n                        <a class=\"elementkit-nav-link  left-pos\" id=\"content-01ec2b469ee64ae7a465-tab\" data-ekit-handler-id=\"r-sultats\" data-ekit-toggle=\"tab\" data-target=\"#content-01ec2b469ee64ae7a465\" href=\"#Content-01ec2b469ee64ae7a465\"\n                            data-ekit-toggle-trigger=\"click\"\n                            aria-describedby=\"Content-01ec2b469ee64ae7a465\">\n                            <span class=\"elementskit-tab-icon\"><svg aria-hidden=\"true\" class=\"e-font-icon-svg e-fas-file-prescription\" viewBox=\"0 0 384 512\" xmlns=\"http:\/\/www.w3.org\/2000\/svg\"><path d=\"M224 136V0H24C10.7 0 0 10.7 0 24v464c0 13.3 10.7 24 24 24h336c13.3 0 24-10.7 24-24V160H248c-13.2 0-24-10.8-24-24zm68.53 179.48l11.31 11.31c6.25 6.25 6.25 16.38 0 22.63l-29.9 29.9L304 409.38c6.25 6.25 6.25 16.38 0 22.63l-11.31 11.31c-6.25 6.25-16.38 6.25-22.63 0L240 413.25l-30.06 30.06c-6.25 6.25-16.38 6.25-22.63 0L176 432c-6.25-6.25-6.25-16.38 0-22.63l30.06-30.06L146.74 320H128v48c0 8.84-7.16 16-16 16H96c-8.84 0-16-7.16-16-16V208c0-8.84 7.16-16 16-16h80c35.35 0 64 28.65 64 64 0 24.22-13.62 45.05-33.46 55.92L240 345.38l29.9-29.9c6.25-6.25 16.38-6.25 22.63 0zM176 272h-48v-32h48c8.82 0 16 7.18 16 16s-7.18 16-16 16zm208-150.1v6.1H256V0h6.1c6.4 0 12.5 2.5 17 7l97.9 98c4.5 4.5 7 10.6 7 16.9z\"><\/path><\/svg><\/span>                            <span class=\"elementskit-tab-title\">R\u00e9sultats<\/span>\n                        <\/a>\n                    <\/li>\n                                <\/ul>\n\n            <div class=\"tab-content elementkit-tab-content\">\n                                    <div class=\"tab-pane elementkit-tab-pane elementor-repeater-item-2ddae87  active show\" id=\"content-2ddae8769ee64ae7a465\" role=\"tabpanel\"\n                         aria-labelledby=\"content-2ddae8769ee64ae7a465-tab\">\n                        <div class=\"animated fadeIn\">\n                            <p>Type de march\u00e9<\/p>                        <\/div>\n                    <\/div>\n                                    <div class=\"tab-pane elementkit-tab-pane elementor-repeater-item-cdcb59d \" id=\"content-cdcb59d69ee64ae7a465\" role=\"tabpanel\"\n                         aria-labelledby=\"content-cdcb59d69ee64ae7a465-tab\">\n                        <div class=\"animated fadeIn\">\n                            <p>Description sur le march\u00e9<\/p>                        <\/div>\n                    <\/div>\n                                    <div class=\"tab-pane elementkit-tab-pane elementor-repeater-item-799b533 \" id=\"content-799b53369ee64ae7a465\" role=\"tabpanel\"\n                         aria-labelledby=\"content-799b53369ee64ae7a465-tab\">\n                        <div class=\"animated fadeIn\">\n                            <p>T\u00e9l\u00e9charger<\/p>                        <\/div>\n                    <\/div>\n                                    <div class=\"tab-pane elementkit-tab-pane elementor-repeater-item-01ec2b4 \" id=\"content-01ec2b469ee64ae7a465\" role=\"tabpanel\"\n                         aria-labelledby=\"content-01ec2b469ee64ae7a465-tab\">\n                        <div class=\"animated fadeIn\">\n                            <p>R\u00e9sultats<\/p>                        <\/div>\n                    <\/div>\n                                \n            <\/div>\n                    <\/div>\n    <\/div>\t\t\t\t<\/div>\n\t\t\t\t<\/div>\n\t\t\t\t\t<\/div>\n\t\t\t\t<\/div>\n\t\t\t\t<\/div>\n\t\t","protected":false},"excerpt":{"rendered":"<p>R\u00e9sultats Type du march\u00e9 Description Informations R\u00e9sultats Type de march\u00e9 Description sur le march\u00e9 T\u00e9l\u00e9charger R\u00e9sultats<\/p>\n","protected":false},"author":1,"featured_media":689,"parent":0,"menu_order":0,"comment_status":"closed","ping_status":"closed","template":"elementor_header_footer","meta":{"footnotes":""},"class_list":["post-3618","page","type-page","status-publish","has-post-thumbnail","hentry","entry","has-media"],"_links":{"self":[{"href":"https:\/\/ppdu.org\/ecowasppdu\/wp-json\/wp\/v2\/pages\/3618","targetHints":{"allow":["GET"]}}],"collection":[{"href":"https:\/\/ppdu.org\/ecowasppdu\/wp-json\/wp\/v2\/pages"}],"about":[{"href":"https:\/\/ppdu.org\/ecowasppdu\/wp-json\/wp\/v2\/types\/page"}],"author":[{"embeddable":true,"href":"https:\/\/ppdu.org\/ecowasppdu\/wp-json\/wp\/v2\/users\/1"}],"replies":[{"embeddable":true,"href":"https:\/\/ppdu.org\/ecowasppdu\/wp-json\/wp\/v2\/comments?post=3618"}],"version-history":[{"count":19,"href":"https:\/\/ppdu.org\/ecowasppdu\/wp-json\/wp\/v2\/pages\/3618\/revisions"}],"predecessor-version":[{"id":4325,"href":"https:\/\/ppdu.org\/ecowasppdu\/wp-json\/wp\/v2\/pages\/3618\/revisions\/4325"}],"wp:featuredmedia":[{"embeddable":true,"href":"https:\/\/ppdu.org\/ecowasppdu\/wp-json\/wp\/v2\/media\/689"}],"wp:attachment":[{"href":"https:\/\/ppdu.org\/ecowasppdu\/wp-json\/wp\/v2\/media?parent=3618"}],"curies":[{"name":"wp","href":"https:\/\/api.w.org\/{rel}","templated":true}]}}